{"id":4207,"date":"2023-03-06T08:16:41","date_gmt":"2023-03-06T08:16:41","guid":{"rendered":"https:\/\/najoon.org\/maarri\/?page_id=4207"},"modified":"2023-03-11T12:25:42","modified_gmt":"2023-03-11T12:25:42","slug":"french","status":"publish","type":"page","link":"https:\/\/najoon.org\/maarri\/french\/","title":{"rendered":"Al Maarri"},"content":{"rendered":"<p><div class=\"fusion-fullwidth fullwidth-box fusion-builder-row-1 fusion-flex-container fusion-parallax-none hundred-percent-fullwidth hundred-percent-height hundred-percent-height-center-content non-hundred-percent-height-scrolling fusion-no-small-visibility fusion-custom-z-index\" style=\"--awb-border-radius-top-left:0px;--awb-border-radius-top-right:0px;--awb-border-radius-bottom-right:0px;--awb-border-radius-bottom-left:0px;--awb-z-index:1;--awb-padding-top:0px;--awb-padding-right:7%;--awb-padding-bottom:0px;--awb-padding-left:7%;--awb-margin-top:-75px;--awb-margin-bottom:0px;--awb-background-image:url(&quot;https:\/\/najoon.org\/maarri\/wp-content\/uploads\/2021\/03\/head-2.jpg&quot;);--awb-background-size:cover;--awb-flex-wrap:wrap;\" ><div class=\"fusion-builder-row fusion-row fusion-flex-align-items-center fusion-flex-align-content-center fusion-flex-justify-content-flex-end fusion-flex-content-wrap\" style=\"width:104% !important;max-width:104% !important;margin-left: calc(-4% \/ 2 );margin-right: calc(-4% \/ 2 );\"><div class=\"fusion-layout-column fusion_builder_column fusion-builder-column-0 fusion_builder_column_1_4 1_4 fusion-flex-column fusion-flex-align-self-center\" style=\"--awb-padding-top:40px;--awb-bg-size:cover;--awb-width-large:25%;--awb-margin-top-large:0px;--awb-spacing-right-large:7.68%;--awb-margin-bottom-large:20px;--awb-spacing-left-large:7.68%;--awb-width-medium:25%;--awb-order-medium:0;--awb-spacing-right-medium:7.68%;--awb-spacing-left-medium:7.68%;--awb-width-small:100%;--awb-order-small:0;--awb-spacing-right-small:1.92%;--awb-spacing-left-small:1.92%;\"><div class=\"fusion-column-wrapper fusion-column-has-shadow fusion-flex-justify-content-space-around fusion-content-layout-column\"><div class=\"fusion-text fusion-text-1\" style=\"--awb-content-alignment:left;--awb-font-size:28px;--awb-text-color:#ffffff;--awb-text-font-family:&quot;Amiri&quot;;\"><p>Al Maarri<\/p>\n<\/div><div class=\"fusion-text fusion-text-2\" style=\"--awb-content-alignment:justify;--awb-font-size:24px;--awb-line-height:34px;--awb-letter-spacing:0px;--awb-text-color:#ffffff;--awb-text-font-family:&quot;adober arabic&quot;;--awb-text-font-style:normal;--awb-text-font-weight:400;\"><p dir=\"ltr\">La volont\u00e9 des rescap\u00e9s des ge\u00f4les syriennes et leur amour de la vie, nous a amen\u00e9 \u00e0 lancer le projet Al Maarri inspir\u00e9 par nos racines et notre histoire.<\/p>\n<p dir=\"ltr\">Nous avons nos raisons pour choisir l&#8217;intellectuel, le po\u00e8te, qu&#8217;\u00e9tait Al Maarri et de le sculpter.<\/p>\n<\/div><\/div><\/div><\/div><\/div><div class=\"fusion-fullwidth fullwidth-box fusion-builder-row-2 fusion-flex-container fusion-parallax-none hundred-percent-fullwidth non-hundred-percent-height-scrolling fusion-no-medium-visibility fusion-no-large-visibility fusion-custom-z-index\" style=\"--awb-background-blend-mode:multiply;--awb-border-radius-top-left:0px;--awb-border-radius-top-right:0px;--awb-border-radius-bottom-right:0px;--awb-border-radius-bottom-left:0px;--awb-z-index:1;--awb-padding-top:0px;--awb-padding-right:7%;--awb-padding-bottom:0px;--awb-margin-top:-75px;--awb-margin-bottom:0px;--awb-margin-top-small:-30px;--awb-min-height:800px;--awb-min-height-small:400px;--awb-background-image:linear-gradient(270deg, rgba(0,0,0,0.6) 0%,rgba(255,255,255,0) 100%),url(https:\/\/najoon.org\/maarri\/wp-content\/uploads\/2021\/03\/head-2.jpg);;--awb-background-size:cover;--awb-flex-wrap:wrap;\" ><div class=\"fusion-builder-row fusion-row fusion-flex-align-items-center fusion-flex-align-content-center fusion-flex-content-wrap\" style=\"width:104% !important;max-width:104% !important;margin-left: calc(-4% \/ 2 );margin-right: calc(-4% \/ 2 );\"><\/div><\/div><div class=\"fusion-fullwidth fullwidth-box fusion-builder-row-3 fusion-flex-container nonhundred-percent-fullwidth non-hundred-percent-height-scrolling\" style=\"--awb-border-radius-top-left:0px;--awb-border-radius-top-right:0px;--awb-border-radius-bottom-right:0px;--awb-border-radius-bottom-left:0px;--awb-padding-top:6%;--awb-padding-bottom:8%;--awb-margin-bottom:-20px;--awb-background-image:linear-gradient(180deg, #b5353b 0%,#6f393f 100%);--awb-flex-wrap:wrap;\" ><div class=\"fusion-builder-row fusion-row fusion-flex-align-items-flex-start fusion-flex-justify-content-center fusion-flex-content-wrap\" style=\"max-width:1248px;margin-left: calc(-4% \/ 2 );margin-right: calc(-4% \/ 2 );\"><div class=\"fusion-layout-column fusion_builder_column fusion-builder-column-1 fusion_builder_column_1_4 1_4 fusion-flex-column fusion-flex-align-self-center fusion-no-medium-visibility fusion-no-large-visibility\" style=\"--awb-bg-size:cover;--awb-width-large:25%;--awb-margin-top-large:0px;--awb-spacing-right-large:7.68%;--awb-margin-bottom-large:20px;--awb-spacing-left-large:7.68%;--awb-width-medium:25%;--awb-order-medium:0;--awb-spacing-right-medium:7.68%;--awb-spacing-left-medium:7.68%;--awb-width-small:80%;--awb-order-small:0;--awb-margin-top-small:30px;--awb-spacing-right-small:2.4%;--awb-margin-bottom-small:30px;--awb-spacing-left-small:2.4%;\"><div class=\"fusion-column-wrapper fusion-column-has-shadow fusion-flex-justify-content-space-around fusion-content-layout-column\"><div class=\"fusion-text fusion-text-3 sm-text-align-left\" style=\"--awb-font-size:24px;--awb-letter-spacing:;--awb-text-color:#ffffff;--awb-text-font-family:&quot;adober arabic&quot;;\"><p style=\"text-align: center;\"><span style=\"font-size: 48px;\"><strong>Al Maarri<\/strong><\/span><\/p>\n<p dir=\"ltr\">La volont\u00e9 des rescap\u00e9s des ge\u00f4les syriennes et leur amour de la vie, nous a amen\u00e9 \u00e0 lancer le projet Al Maarri inspir\u00e9 par nos racines et notre histoire.<\/p>\n<p dir=\"ltr\">Nous avons nos raisons pour choisir l&#8217;intellectuel, le po\u00e8te, qu&#8217;\u00e9tait Al Maarri et de le sculpter.<\/p>\n<\/div><\/div><\/div><div class=\"fusion-layout-column fusion_builder_column fusion-builder-column-2 fusion_builder_column_4_5 4_5 fusion-flex-column\" style=\"--awb-bg-size:cover;--awb-width-large:80%;--awb-margin-top-large:0px;--awb-spacing-right-large:2.4%;--awb-margin-bottom-large:121px;--awb-spacing-left-large:2.4%;--awb-width-medium:80%;--awb-order-medium:0;--awb-spacing-right-medium:2.4%;--awb-spacing-left-medium:2.4%;--awb-width-small:80%;--awb-order-small:0;--awb-spacing-right-small:2.4%;--awb-spacing-left-small:2.4%;\"><div class=\"fusion-column-wrapper fusion-column-has-shadow fusion-flex-justify-content-flex-start fusion-content-layout-column\"><div class=\"fusion-text fusion-text-4\" style=\"--awb-content-alignment:justify;--awb-font-size:24px;--awb-text-transform:none;--awb-text-color:#ffffff;--awb-text-font-family:&quot;adober arabic&quot;;--awb-text-font-style:normal;--awb-text-font-weight:400;\"><p dir=\"ltr\">A son \u00e9poque, il fut le chef d&#8217;une r\u00e9volution orpheline, un symbole humain de la libert\u00e9 de pens\u00e9e, du doute et du questionnement, un exemple clair de la dignit\u00e9 de l&#8217;intellectuel universel, loin de la soumission au pouvoir. Il a appel\u00e9 \u00e0 traiter l&#8217;esprit comme dirigeant le monde et \u00e0 s&#8217;int\u00e9resser aux conditions sociales.<\/p>\n<p dir=\"ltr\">Parce que nous pensons que le seul \u00ab imam \u00bb est la raison, comme le disait Al Maarri, nous avons lanc\u00e9 ce projet pour dire oui \u00e0 la vie et non \u00e0 la mort, \u00e0 l&#8217;humiliation, \u00e0 la soumission \u00e0 la \u00ab real politique \u00bb vis \u00e0 vis des tyrannies afin de r\u00e9tablir le cordon nous reliant \u00e0 notre m\u00e8re la Syrie quand elle sera un pays libre bas\u00e9 sur la diversit\u00e9 et la d\u00e9mocratie.<\/p>\n<p dir=\"ltr\">Actuellement, la situation de la ville d&#8217;Al Maarri est semblable \u00e0 celle des autres villes syriennes. La raison pour laquelle nous avons voulu reconstruire ce symbole de l&#8217;ic\u00f4ne Al Maarri afin de d\u00e9crire notre situation. Cette ancienne ville historique a \u00e9t\u00e9 vid\u00e9e de tous ses habitants deux fois au cours de son histoire par la dictature politique et l&#8217;int\u00e9grisme religieux. La premi\u00e8re fois ce fut en 1098 quand les \u00ab crois\u00e9s jihadistes \u00bb ont \u00e9gorg\u00e9 ses habitants au nom du christianisme. La deuxi\u00e8me fois en 2011, quand la ville r\u00e9volt\u00e9e au cours du printemps arabe a cri\u00e9 libert\u00e9 \u00e9galit\u00e9, le r\u00e9gime Assad l&#8217;a alors bombard\u00e9e et a transform\u00e9 son centre culturel en un lieu de torture et d&#8217;assassinats. Un massacre a \u00e9t\u00e9 perp\u00e9tr\u00e9 en octobre 2012 contre des manifestants pacifiques.<\/p>\n<p dir=\"ltr\">En 2013, la ville a eu rendez-vous avec les jihadistes islamistes qui ont d\u00e9capit\u00e9 sa statue pour se venger de ce symbole de la lutte contre la dictature politique et religieuse.<\/p>\n<p dir=\"ltr\">En 2018, \u00e0 l&#8217;initiative de l&#8217;acteur Far\u00e8s Al Helou et de l&#8217;enthousiasme de l&#8217;artiste Assem Al Bacha, un groupe de rescap\u00e9s des prisons syriennes souhaitant laisser une empreinte culturelle syrienne en Europe, des artistes, des \u00e9crivains, des acad\u00e9miciens syriens aux c\u00f4t\u00e9s des Palestiniens et des Libanais, ont financ\u00e9 la r\u00e9alisation d&#8217;une grande sculpture en bronze de \u00ab l&#8217;imam \u00bb de l&#8217;esprit Al Maarri afin qu&#8217;elle soit une ic\u00f4ne de l&#8217;espoir des Syriens de voir l&#8217;\u00e9galit\u00e9 et la paix s&#8217;imposer dans leur pays.<\/p>\n<p dir=\"ltr\">Cette sculpture est n\u00e9e r\u00e9fugi\u00e9e en Espagne \u00e0 Grenade. Elle a voyag\u00e9 jusqu&#8217;\u00e0 Montreuil en r\u00e9gion parisienne pour y devenir un symbole de la paix, de la culture, entre les villes et les g\u00e9n\u00e9rations. Nous offrons cette \u0153uvre \u00e0 tous les combattants de la libert\u00e9 et des droits de l&#8217;homme incarc\u00e9r\u00e9s dans les centres de d\u00e9tention de Syrie et du monde entier.<\/p>\n<\/div><\/div><\/div><div class=\"fusion-layout-column fusion_builder_column fusion-builder-column-3 fusion_builder_column_1_3 1_3 fusion-flex-column\" style=\"--awb-bg-size:cover;--awb-width-large:33.333333333333%;--awb-margin-top-large:0px;--awb-spacing-right-large:20px;--awb-margin-bottom-large:20px;--awb-spacing-left-large:20px;--awb-width-medium:33.333333333333%;--awb-order-medium:0;--awb-spacing-right-medium:20px;--awb-spacing-left-medium:20px;--awb-width-small:100%;--awb-order-small:0;--awb-spacing-right-small:1.92%;--awb-spacing-left-small:1.92%;\"><div class=\"fusion-column-wrapper fusion-column-has-shadow fusion-flex-justify-content-center fusion-content-layout-column\"><div style=\"text-align:center;\"><a class=\"fusion-button button-flat button-large button-custom fusion-button-default button-1 fusion-button-span-yes fusion-button-default-type fusion-has-button-gradient\" style=\"--button_accent_color:var(--awb-color5);--button_border_color:var(--awb-color5);--button_accent_hover_color:var(--awb-color1);--button_border_hover_color:var(--awb-color1);--button_gradient_top_color:var(--awb-color1);--button_gradient_bottom_color:var(--awb-color1);--button_gradient_top_color_hover:#b5353b;--button_gradient_bottom_color_hover:var(--awb-color5);--button_text_transform:uppercase;--button_margin-right:20px;--button_margin-left:20px;width:calc(100% - 20px - 20px);\" target=\"_blank\" rel=\"noopener noreferrer\" href=\"https:\/\/najoon.org\/maarri\/3d-show\/\"><span class=\"fusion-button-icon-divider button-icon-divider-left\"><i class=\"fa-arrows-alt fas awb-button__icon awb-button__icon--default\" aria-hidden=\"true\"><\/i><\/span><span class=\"fusion-button-text awb-button__text awb-button__text--default fusion-button-text-left\">Regardez l&#x27;action<\/span><\/a><\/div><\/div><\/div><div class=\"fusion-layout-column fusion_builder_column fusion-builder-column-4 fusion_builder_column_1_3 1_3 fusion-flex-column\" style=\"--awb-bg-size:cover;--awb-width-large:33.333333333333%;--awb-margin-top-large:0px;--awb-spacing-right-large:20px;--awb-margin-bottom-large:20px;--awb-spacing-left-large:20px;--awb-width-medium:33.333333333333%;--awb-order-medium:0;--awb-spacing-right-medium:20px;--awb-spacing-left-medium:20px;--awb-width-small:100%;--awb-order-small:0;--awb-spacing-right-small:1.92%;--awb-spacing-left-small:1.92%;\"><div class=\"fusion-column-wrapper fusion-column-has-shadow fusion-flex-justify-content-center fusion-content-layout-column\"><div style=\"text-align:center;\"><a class=\"fusion-button button-flat button-large button-custom fusion-button-default button-2 fusion-button-span-yes fusion-button-default-type\" style=\"--button_accent_color:var(--awb-color5);--button_border_color:var(--awb-color5);--button_accent_hover_color:var(--awb-color1);--button_border_hover_color:var(--awb-color1);--button_gradient_top_color:var(--awb-color1);--button_gradient_bottom_color:var(--awb-color1);--button_gradient_top_color_hover:var(--awb-color5);--button_gradient_bottom_color_hover:var(--awb-color5);--button_text_transform:uppercase;--button_margin-right:20px;--button_margin-left:20px;width:calc(100% - 20px - 20px);\" target=\"_blank\" rel=\"noopener noreferrer\" href=\"https:\/\/najoon.org\/maarri\/movie\/\"><span class=\"fusion-button-icon-divider button-icon-divider-left\"><i class=\"fa-film fas awb-button__icon awb-button__icon--default\" aria-hidden=\"true\"><\/i><\/span><span class=\"fusion-button-text awb-button__text awb-button__text--default fusion-button-text-left\">Film de projet<\/span><\/a><\/div><\/div><\/div><\/div><\/div><\/p>\n<script language='javascript' type='text\/javascript'>function getWR360PopupSkin(){return 'light_clean';}<\/script>","protected":false},"excerpt":{"rendered":"","protected":false},"author":1,"featured_media":0,"parent":0,"menu_order":0,"comment_status":"closed","ping_status":"closed","template":"100-width.php","meta":{"_acf_changed":false,"footnotes":""},"class_list":["post-4207","page","type-page","status-publish","hentry"],"acf":[],"yoast_head":"<!-- This site is optimized with the Yoast SEO plugin v27.4 - https:\/\/yoast.com\/product\/yoast-seo-wordpress\/ -->\n<title>Al Maarri - \u0627\u0644\u0645\u0639\u0631\u064a<\/title>\n<meta name=\"robots\" content=\"index, follow, max-snippet:-1, max-image-preview:large, max-video-preview:-1\" \/>\n<link rel=\"canonical\" href=\"https:\/\/najoon.org\/maarri\/french\/\" \/>\n<meta property=\"og:locale\" content=\"ar_AR\" \/>\n<meta property=\"og:type\" content=\"article\" \/>\n<meta property=\"og:title\" content=\"Al Maarri - \u0627\u0644\u0645\u0639\u0631\u064a\" \/>\n<meta property=\"og:url\" content=\"https:\/\/najoon.org\/maarri\/french\/\" \/>\n<meta property=\"og:site_name\" content=\"\u0627\u0644\u0645\u0639\u0631\u064a\" \/>\n<meta property=\"article:modified_time\" content=\"2023-03-11T12:25:42+00:00\" \/>\n<meta name=\"twitter:card\" content=\"summary_large_image\" \/>\n<meta name=\"twitter:label1\" content=\"\u0648\u0642\u062a \u0627\u0644\u0642\u0631\u0627\u0621\u0629 \u0627\u0644\u0645\u064f\u0642\u062f\u0651\u0631\" \/>\n\t<meta name=\"twitter:data1\" content=\"8 \u062f\u0642\u0627\u0626\u0642\" \/>\n<script type=\"application\/ld+json\" class=\"yoast-schema-graph\">{\"@context\":\"https:\\\/\\\/schema.org\",\"@graph\":[{\"@type\":\"WebPage\",\"@id\":\"https:\\\/\\\/najoon.org\\\/maarri\\\/french\\\/\",\"url\":\"https:\\\/\\\/najoon.org\\\/maarri\\\/french\\\/\",\"name\":\"Al Maarri - \u0627\u0644\u0645\u0639\u0631\u064a\",\"isPartOf\":{\"@id\":\"https:\\\/\\\/najoon.org\\\/maarri\\\/#website\"},\"datePublished\":\"2023-03-06T08:16:41+00:00\",\"dateModified\":\"2023-03-11T12:25:42+00:00\",\"breadcrumb\":{\"@id\":\"https:\\\/\\\/najoon.org\\\/maarri\\\/french\\\/#breadcrumb\"},\"inLanguage\":\"ar\",\"potentialAction\":[{\"@type\":\"ReadAction\",\"target\":[\"https:\\\/\\\/najoon.org\\\/maarri\\\/french\\\/\"]}]},{\"@type\":\"BreadcrumbList\",\"@id\":\"https:\\\/\\\/najoon.org\\\/maarri\\\/french\\\/#breadcrumb\",\"itemListElement\":[{\"@type\":\"ListItem\",\"position\":1,\"name\":\"Home\",\"item\":\"https:\\\/\\\/najoon.org\\\/maarri\\\/\"},{\"@type\":\"ListItem\",\"position\":2,\"name\":\"Al Maarri\"}]},{\"@type\":\"WebSite\",\"@id\":\"https:\\\/\\\/najoon.org\\\/maarri\\\/#website\",\"url\":\"https:\\\/\\\/najoon.org\\\/maarri\\\/\",\"name\":\"\u0645\u0634\u0631\u0648\u0639 \u0631\u0623\u0633 \u0627\u0644\u0645\u0639\u0631\u064a\",\"description\":\"\u0623\u062d\u062f \u0645\u0634\u0627\u0631\u064a\u0639 \u0646\u0627\u062c\u0648\u0646\",\"potentialAction\":[{\"@type\":\"SearchAction\",\"target\":{\"@type\":\"EntryPoint\",\"urlTemplate\":\"https:\\\/\\\/najoon.org\\\/maarri\\\/?s={search_term_string}\"},\"query-input\":{\"@type\":\"PropertyValueSpecification\",\"valueRequired\":true,\"valueName\":\"search_term_string\"}}],\"inLanguage\":\"ar\"}]}<\/script>\n<!-- \/ Yoast SEO plugin. -->","yoast_head_json":{"title":"Al Maarri - \u0627\u0644\u0645\u0639\u0631\u064a","robots":{"index":"index","follow":"follow","max-snippet":"max-snippet:-1","max-image-preview":"max-image-preview:large","max-video-preview":"max-video-preview:-1"},"canonical":"https:\/\/najoon.org\/maarri\/french\/","og_locale":"ar_AR","og_type":"article","og_title":"Al Maarri - \u0627\u0644\u0645\u0639\u0631\u064a","og_url":"https:\/\/najoon.org\/maarri\/french\/","og_site_name":"\u0627\u0644\u0645\u0639\u0631\u064a","article_modified_time":"2023-03-11T12:25:42+00:00","twitter_card":"summary_large_image","twitter_misc":{"\u0648\u0642\u062a \u0627\u0644\u0642\u0631\u0627\u0621\u0629 \u0627\u0644\u0645\u064f\u0642\u062f\u0651\u0631":"8 \u062f\u0642\u0627\u0626\u0642"},"schema":{"@context":"https:\/\/schema.org","@graph":[{"@type":"WebPage","@id":"https:\/\/najoon.org\/maarri\/french\/","url":"https:\/\/najoon.org\/maarri\/french\/","name":"Al Maarri - \u0627\u0644\u0645\u0639\u0631\u064a","isPartOf":{"@id":"https:\/\/najoon.org\/maarri\/#website"},"datePublished":"2023-03-06T08:16:41+00:00","dateModified":"2023-03-11T12:25:42+00:00","breadcrumb":{"@id":"https:\/\/najoon.org\/maarri\/french\/#breadcrumb"},"inLanguage":"ar","potentialAction":[{"@type":"ReadAction","target":["https:\/\/najoon.org\/maarri\/french\/"]}]},{"@type":"BreadcrumbList","@id":"https:\/\/najoon.org\/maarri\/french\/#breadcrumb","itemListElement":[{"@type":"ListItem","position":1,"name":"Home","item":"https:\/\/najoon.org\/maarri\/"},{"@type":"ListItem","position":2,"name":"Al Maarri"}]},{"@type":"WebSite","@id":"https:\/\/najoon.org\/maarri\/#website","url":"https:\/\/najoon.org\/maarri\/","name":"\u0645\u0634\u0631\u0648\u0639 \u0631\u0623\u0633 \u0627\u0644\u0645\u0639\u0631\u064a","description":"\u0623\u062d\u062f \u0645\u0634\u0627\u0631\u064a\u0639 \u0646\u0627\u062c\u0648\u0646","potentialAction":[{"@type":"SearchAction","target":{"@type":"EntryPoint","urlTemplate":"https:\/\/najoon.org\/maarri\/?s={search_term_string}"},"query-input":{"@type":"PropertyValueSpecification","valueRequired":true,"valueName":"search_term_string"}}],"inLanguage":"ar"}]}},"_links":{"self":[{"href":"https:\/\/najoon.org\/maarri\/wp-json\/wp\/v2\/pages\/4207","targetHints":{"allow":["GET"]}}],"collection":[{"href":"https:\/\/najoon.org\/maarri\/wp-json\/wp\/v2\/pages"}],"about":[{"href":"https:\/\/najoon.org\/maarri\/wp-json\/wp\/v2\/types\/page"}],"author":[{"embeddable":true,"href":"https:\/\/najoon.org\/maarri\/wp-json\/wp\/v2\/users\/1"}],"replies":[{"embeddable":true,"href":"https:\/\/najoon.org\/maarri\/wp-json\/wp\/v2\/comments?post=4207"}],"version-history":[{"count":6,"href":"https:\/\/najoon.org\/maarri\/wp-json\/wp\/v2\/pages\/4207\/revisions"}],"predecessor-version":[{"id":4218,"href":"https:\/\/najoon.org\/maarri\/wp-json\/wp\/v2\/pages\/4207\/revisions\/4218"}],"wp:attachment":[{"href":"https:\/\/najoon.org\/maarri\/wp-json\/wp\/v2\/media?parent=4207"}],"curies":[{"name":"wp","href":"https:\/\/api.w.org\/{rel}","templated":true}]}}